{"id":20684,"date":"2021-05-20T15:17:08","date_gmt":"2021-05-20T15:17:08","guid":{"rendered":"https:\/\/campfortune.com\/contact\/"},"modified":"2024-11-11T13:03:00","modified_gmt":"2024-11-11T18:03:00","slug":"contact","status":"publish","type":"page","link":"https:\/\/campfortune.com\/fr\/contact\/","title":{"rendered":"Contacts"},"content":{"rendered":"\t\t<div data-elementor-type=\"wp-page\" data-elementor-id=\"20684\" class=\"elementor elementor-20684 elementor-242\" data-elementor-post-type=\"page\">\n\t\t\t\t\t\t<section class=\"elementor-section elementor-top-section elementor-element elementor-element-dd13634 elementor-section-boxed elementor-section-height-default elementor-section-height-default\" data-id=\"dd13634\" data-element_type=\"section\" data-e-type=\"section\" data-settings=\"{&quot;jet_parallax_layout_list&quot;:[{&quot;jet_parallax_layout_image&quot;:{&quot;url&quot;:&quot;&quot;,&quot;id&quot;:&quot;&quot;,&quot;size&quot;:&quot;&quot;},&quot;_id&quot;:&quot;2d5e60b&quot;,&quot;jet_parallax_layout_image_tablet&quot;:{&quot;url&quot;:&quot;&quot;,&quot;id&quot;:&quot;&quot;,&quot;size&quot;:&quot;&quot;},&quot;jet_parallax_layout_image_mobile&quot;:{&quot;url&quot;:&quot;&quot;,&quot;id&quot;:&quot;&quot;,&quot;size&quot;:&quot;&quot;},&quot;jet_parallax_layout_speed&quot;:{&quot;unit&quot;:&quot;%&quot;,&quot;size&quot;:50,&quot;sizes&quot;:[]},&quot;jet_parallax_layout_type&quot;:&quot;scroll&quot;,&quot;jet_parallax_layout_direction&quot;:&quot;1&quot;,&quot;jet_parallax_layout_fx_direction&quot;:null,&quot;jet_parallax_layout_z_index&quot;:&quot;&quot;,&quot;jet_parallax_layout_bg_x&quot;:50,&quot;jet_parallax_layout_bg_x_tablet&quot;:&quot;&quot;,&quot;jet_parallax_layout_bg_x_mobile&quot;:&quot;&quot;,&quot;jet_parallax_layout_bg_y&quot;:50,&quot;jet_parallax_layout_bg_y_tablet&quot;:&quot;&quot;,&quot;jet_parallax_layout_bg_y_mobile&quot;:&quot;&quot;,&quot;jet_parallax_layout_bg_size&quot;:&quot;auto&quot;,&quot;jet_parallax_layout_bg_size_tablet&quot;:&quot;&quot;,&quot;jet_parallax_layout_bg_size_mobile&quot;:&quot;&quot;,&quot;jet_parallax_layout_animation_prop&quot;:&quot;transform&quot;,&quot;jet_parallax_layout_on&quot;:[&quot;desktop&quot;,&quot;tablet&quot;]}]}\">\n\t\t\t\t\t\t<div class=\"elementor-container elementor-column-gap-default\">\n\t\t\t\t\t<div class=\"elementor-column elementor-col-50 elementor-top-column elementor-element elementor-element-55d2d8f\" data-id=\"55d2d8f\" data-element_type=\"column\" data-e-type=\"column\">\n\t\t\t<div class=\"elementor-widget-wrap elementor-element-populated\">\n\t\t\t\t\t\t<div class=\"elementor-element elementor-element-bb97785 elementor-widget elementor-widget-text-editor\" data-id=\"bb97785\" data-element_type=\"widget\" data-e-type=\"widget\" data-widget_type=\"text-editor.default\">\n\t\t\t\t<div class=\"elementor-widget-container\">\n\t\t\t\t\t\t\t\t\t<h2>Informations g\u00e9n\u00e9rales<\/h2>\r\n<p>Camp Fortune<br \/>\r\n300 chemin Dunlop, Chelsea, Qu\u00e9bec<br \/>\r\nJ9B 2N3<br \/>\r\nt\u00e9l\u00e9phone:<br \/>\r\n(819) 827-1717 ex: 0<br \/>\r\nCourriel: <a href=\"mailto:info@campfortune.com\">info@campfortune.com<\/a><\/p>\t\t\t\t\t\t\t\t<\/div>\n\t\t\t\t<\/div>\n\t\t\t\t\t<\/div>\n\t\t<\/div>\n\t\t\t\t<div class=\"elementor-column elementor-col-50 elementor-top-column elementor-element elementor-element-bec9e0c\" data-id=\"bec9e0c\" data-element_type=\"column\" data-e-type=\"column\">\n\t\t\t<div class=\"elementor-widget-wrap elementor-element-populated\">\n\t\t\t\t\t\t<div class=\"elementor-element elementor-element-19f6626 elementor-widget elementor-widget-image\" data-id=\"19f6626\" data-element_type=\"widget\" data-e-type=\"widget\" data-widget_type=\"image.default\">\n\t\t\t\t<div class=\"elementor-widget-container\">\n\t\t\t\t\t\t\t\t\t\t\t\t\t\t\t<img fetchpriority=\"high\" decoding=\"async\" width=\"800\" height=\"534\" src=\"https:\/\/campfortune.com\/wp-content\/uploads\/2024\/04\/8I0A3859-scaled-1-1024x683.jpg\" class=\"attachment-large size-large wp-image-36011\" alt=\"\" srcset=\"https:\/\/campfortune.com\/wp-content\/uploads\/2024\/04\/8I0A3859-scaled-1-1024x683.jpg 1024w, https:\/\/campfortune.com\/wp-content\/uploads\/2024\/04\/8I0A3859-scaled-1-300x200.jpg 300w, https:\/\/campfortune.com\/wp-content\/uploads\/2024\/04\/8I0A3859-scaled-1-768x512.jpg 768w, https:\/\/campfortune.com\/wp-content\/uploads\/2024\/04\/8I0A3859-scaled-1-1536x1024.jpg 1536w, https:\/\/campfortune.com\/wp-content\/uploads\/2024\/04\/8I0A3859-scaled-1.jpg 2048w\" sizes=\"(max-width: 800px) 100vw, 800px\" \/>\t\t\t\t\t\t\t\t\t\t\t\t\t\t\t<\/div>\n\t\t\t\t<\/div>\n\t\t\t\t\t<\/div>\n\t\t<\/div>\n\t\t\t\t\t<\/div>\n\t\t<\/section>\n\t\t\t\t<section class=\"elementor-section elementor-top-section elementor-element elementor-element-e9079ed elementor-section-boxed elementor-section-height-default elementor-section-height-default\" data-id=\"e9079ed\" data-element_type=\"section\" data-e-type=\"section\" data-settings=\"{&quot;jet_parallax_layout_list&quot;:[{&quot;jet_parallax_layout_image&quot;:{&quot;url&quot;:&quot;&quot;,&quot;id&quot;:&quot;&quot;,&quot;size&quot;:&quot;&quot;},&quot;_id&quot;:&quot;2026a30&quot;,&quot;jet_parallax_layout_image_tablet&quot;:{&quot;url&quot;:&quot;&quot;,&quot;id&quot;:&quot;&quot;,&quot;size&quot;:&quot;&quot;},&quot;jet_parallax_layout_image_mobile&quot;:{&quot;url&quot;:&quot;&quot;,&quot;id&quot;:&quot;&quot;,&quot;size&quot;:&quot;&quot;},&quot;jet_parallax_layout_speed&quot;:{&quot;unit&quot;:&quot;%&quot;,&quot;size&quot;:50,&quot;sizes&quot;:[]},&quot;jet_parallax_layout_type&quot;:&quot;scroll&quot;,&quot;jet_parallax_layout_direction&quot;:&quot;1&quot;,&quot;jet_parallax_layout_fx_direction&quot;:null,&quot;jet_parallax_layout_z_index&quot;:&quot;&quot;,&quot;jet_parallax_layout_bg_x&quot;:50,&quot;jet_parallax_layout_bg_x_tablet&quot;:&quot;&quot;,&quot;jet_parallax_layout_bg_x_mobile&quot;:&quot;&quot;,&quot;jet_parallax_layout_bg_y&quot;:50,&quot;jet_parallax_layout_bg_y_tablet&quot;:&quot;&quot;,&quot;jet_parallax_layout_bg_y_mobile&quot;:&quot;&quot;,&quot;jet_parallax_layout_bg_size&quot;:&quot;auto&quot;,&quot;jet_parallax_layout_bg_size_tablet&quot;:&quot;&quot;,&quot;jet_parallax_layout_bg_size_mobile&quot;:&quot;&quot;,&quot;jet_parallax_layout_animation_prop&quot;:&quot;transform&quot;,&quot;jet_parallax_layout_on&quot;:[&quot;desktop&quot;,&quot;tablet&quot;]}],&quot;background_background&quot;:&quot;classic&quot;}\">\n\t\t\t\t\t\t<div class=\"elementor-container elementor-column-gap-default\">\n\t\t\t\t\t<div class=\"elementor-column elementor-col-50 elementor-top-column elementor-element elementor-element-9cd14ef\" data-id=\"9cd14ef\" data-element_type=\"column\" data-e-type=\"column\">\n\t\t\t<div class=\"elementor-widget-wrap elementor-element-populated\">\n\t\t\t\t\t\t<div class=\"elementor-element elementor-element-13d8894 elementor-widget elementor-widget-text-editor\" data-id=\"13d8894\" data-element_type=\"widget\" data-e-type=\"widget\" data-widget_type=\"text-editor.default\">\n\t\t\t\t<div class=\"elementor-widget-container\">\n\t\t\t\t\t\t\t\t\t<h2>Service \u00e0 la client\u00e8le\u00a0<\/h2>\r\n<p>Camp Fortune<br \/>\r\n300 chemin Dunlop, Chelsea, QC<br \/>\r\nJ9B 2N3<br \/>\r\nT\u00e9l\u00e9phone: 819-827-1717 ex: 0<br \/>\r\nCourriel: <a href=\"mailto:info@campfortune.com\">info@campfortune.com<\/a><\/p>\t\t\t\t\t\t\t\t<\/div>\n\t\t\t\t<\/div>\n\t\t\t\t\t<\/div>\n\t\t<\/div>\n\t\t\t\t<div class=\"elementor-column elementor-col-50 elementor-top-column elementor-element elementor-element-ce2170b\" data-id=\"ce2170b\" data-element_type=\"column\" data-e-type=\"column\">\n\t\t\t<div class=\"elementor-widget-wrap elementor-element-populated\">\n\t\t\t\t\t\t<div class=\"elementor-element elementor-element-2aed301 elementor-widget elementor-widget-text-editor\" data-id=\"2aed301\" data-element_type=\"widget\" data-e-type=\"widget\" data-widget_type=\"text-editor.default\">\n\t\t\t\t<div class=\"elementor-widget-container\">\n\t\t\t\t\t\t\t\t\t<h2>Emplois<\/h2>\r\n<p>Jay Thompson<br \/>\r\nCamp Fortune<br \/>\r\nT\u00e9l\u00e9phone: (819) 827-1717 ex: 2202<br \/>\r\nCourriel: <a href=\"mailto:jobs@campfortune.com\">jobs@campfortune.com<\/a><\/p>\t\t\t\t\t\t\t\t<\/div>\n\t\t\t\t<\/div>\n\t\t\t\t\t<\/div>\n\t\t<\/div>\n\t\t\t\t\t<\/div>\n\t\t<\/section>\n\t\t\t\t<section class=\"elementor-section elementor-top-section elementor-element elementor-element-778a557 elementor-section-boxed elementor-section-height-default elementor-section-height-default\" data-id=\"778a557\" data-element_type=\"section\" data-e-type=\"section\" data-settings=\"{&quot;jet_parallax_layout_list&quot;:[{&quot;jet_parallax_layout_image&quot;:{&quot;url&quot;:&quot;&quot;,&quot;id&quot;:&quot;&quot;,&quot;size&quot;:&quot;&quot;},&quot;_id&quot;:&quot;2026a30&quot;,&quot;jet_parallax_layout_image_tablet&quot;:{&quot;url&quot;:&quot;&quot;,&quot;id&quot;:&quot;&quot;,&quot;size&quot;:&quot;&quot;},&quot;jet_parallax_layout_image_mobile&quot;:{&quot;url&quot;:&quot;&quot;,&quot;id&quot;:&quot;&quot;,&quot;size&quot;:&quot;&quot;},&quot;jet_parallax_layout_speed&quot;:{&quot;unit&quot;:&quot;%&quot;,&quot;size&quot;:50,&quot;sizes&quot;:[]},&quot;jet_parallax_layout_type&quot;:&quot;scroll&quot;,&quot;jet_parallax_layout_direction&quot;:&quot;1&quot;,&quot;jet_parallax_layout_fx_direction&quot;:null,&quot;jet_parallax_layout_z_index&quot;:&quot;&quot;,&quot;jet_parallax_layout_bg_x&quot;:50,&quot;jet_parallax_layout_bg_x_tablet&quot;:&quot;&quot;,&quot;jet_parallax_layout_bg_x_mobile&quot;:&quot;&quot;,&quot;jet_parallax_layout_bg_y&quot;:50,&quot;jet_parallax_layout_bg_y_tablet&quot;:&quot;&quot;,&quot;jet_parallax_layout_bg_y_mobile&quot;:&quot;&quot;,&quot;jet_parallax_layout_bg_size&quot;:&quot;auto&quot;,&quot;jet_parallax_layout_bg_size_tablet&quot;:&quot;&quot;,&quot;jet_parallax_layout_bg_size_mobile&quot;:&quot;&quot;,&quot;jet_parallax_layout_animation_prop&quot;:&quot;transform&quot;,&quot;jet_parallax_layout_on&quot;:[&quot;desktop&quot;,&quot;tablet&quot;]}],&quot;background_background&quot;:&quot;classic&quot;}\">\n\t\t\t\t\t\t<div class=\"elementor-container elementor-column-gap-default\">\n\t\t\t\t\t<div class=\"elementor-column elementor-col-50 elementor-top-column elementor-element elementor-element-dae2c49\" data-id=\"dae2c49\" data-element_type=\"column\" data-e-type=\"column\">\n\t\t\t<div class=\"elementor-widget-wrap elementor-element-populated\">\n\t\t\t\t\t\t<div class=\"elementor-element elementor-element-07ef3d6 elementor-widget elementor-widget-text-editor\" data-id=\"07ef3d6\" data-element_type=\"widget\" data-e-type=\"widget\" data-widget_type=\"text-editor.default\">\n\t\t\t\t<div class=\"elementor-widget-container\">\n\t\t\t\t\t\t\t\t\t<h2>Groups -Ski<\/h2>\r\n<p>Sabrina Howe<br \/>\r\nChef, services de groupes <br \/>\r\nT\u00e9l\u00e9phone: (819) 827-1717 ex:2201<br \/>\r\nCourriel: <a href=\"mailto:ski@campfortune.com\">ski@campfortune.com<\/a><\/p>\t\t\t\t\t\t\t\t<\/div>\n\t\t\t\t<\/div>\n\t\t\t\t\t<\/div>\n\t\t<\/div>\n\t\t\t\t<div class=\"elementor-column elementor-col-50 elementor-top-column elementor-element elementor-element-691251d\" data-id=\"691251d\" data-element_type=\"column\" data-e-type=\"column\">\n\t\t\t<div class=\"elementor-widget-wrap elementor-element-populated\">\n\t\t\t\t\t\t<div class=\"elementor-element elementor-element-c808fa4 elementor-widget elementor-widget-text-editor\" data-id=\"c808fa4\" data-element_type=\"widget\" data-e-type=\"widget\" data-widget_type=\"text-editor.default\">\n\t\t\t\t<div class=\"elementor-widget-container\">\n\t\t\t\t\t\t\t\t\t<h2>Service de traiteur\u00a0<\/h2>\r\n<p><span style=\"font-size: 16px;\">Britney Amarica<br \/>\r\n<\/span><span style=\"font-size: 16px;\">Camp Fortune<br \/>\r\n<\/span>T\u00e9l\u00e9phone: (819) 827-1717 ex: 2208<br \/>\r\nCourriel: <a href=\"mailto:bamarica@campfortune.com\">bamarica@campfortune.com<\/a><\/p>\t\t\t\t\t\t\t\t<\/div>\n\t\t\t\t<\/div>\n\t\t\t\t\t<\/div>\n\t\t<\/div>\n\t\t\t\t\t<\/div>\n\t\t<\/section>\n\t\t\t\t<section class=\"elementor-section elementor-top-section elementor-element elementor-element-786c9e2 elementor-section-boxed elementor-section-height-default elementor-section-height-default\" data-id=\"786c9e2\" data-element_type=\"section\" data-e-type=\"section\" data-settings=\"{&quot;jet_parallax_layout_list&quot;:[{&quot;jet_parallax_layout_image&quot;:{&quot;url&quot;:&quot;&quot;,&quot;id&quot;:&quot;&quot;,&quot;size&quot;:&quot;&quot;},&quot;_id&quot;:&quot;2d5e60b&quot;,&quot;jet_parallax_layout_image_tablet&quot;:{&quot;url&quot;:&quot;&quot;,&quot;id&quot;:&quot;&quot;,&quot;size&quot;:&quot;&quot;},&quot;jet_parallax_layout_image_mobile&quot;:{&quot;url&quot;:&quot;&quot;,&quot;id&quot;:&quot;&quot;,&quot;size&quot;:&quot;&quot;},&quot;jet_parallax_layout_speed&quot;:{&quot;unit&quot;:&quot;%&quot;,&quot;size&quot;:50,&quot;sizes&quot;:[]},&quot;jet_parallax_layout_type&quot;:&quot;scroll&quot;,&quot;jet_parallax_layout_direction&quot;:&quot;1&quot;,&quot;jet_parallax_layout_fx_direction&quot;:null,&quot;jet_parallax_layout_z_index&quot;:&quot;&quot;,&quot;jet_parallax_layout_bg_x&quot;:50,&quot;jet_parallax_layout_bg_x_tablet&quot;:&quot;&quot;,&quot;jet_parallax_layout_bg_x_mobile&quot;:&quot;&quot;,&quot;jet_parallax_layout_bg_y&quot;:50,&quot;jet_parallax_layout_bg_y_tablet&quot;:&quot;&quot;,&quot;jet_parallax_layout_bg_y_mobile&quot;:&quot;&quot;,&quot;jet_parallax_layout_bg_size&quot;:&quot;auto&quot;,&quot;jet_parallax_layout_bg_size_tablet&quot;:&quot;&quot;,&quot;jet_parallax_layout_bg_size_mobile&quot;:&quot;&quot;,&quot;jet_parallax_layout_animation_prop&quot;:&quot;transform&quot;,&quot;jet_parallax_layout_on&quot;:[&quot;desktop&quot;,&quot;tablet&quot;]}]}\">\n\t\t\t\t\t\t<div class=\"elementor-container elementor-column-gap-default\">\n\t\t\t\t\t<div class=\"elementor-column elementor-col-50 elementor-top-column elementor-element elementor-element-fd074d5\" data-id=\"fd074d5\" data-element_type=\"column\" data-e-type=\"column\">\n\t\t\t<div class=\"elementor-widget-wrap elementor-element-populated\">\n\t\t\t\t\t\t<div class=\"elementor-element elementor-element-d1cf4aa elementor-widget elementor-widget-text-editor\" data-id=\"d1cf4aa\" data-element_type=\"widget\" data-e-type=\"widget\" data-widget_type=\"text-editor.default\">\n\t\t\t\t<div class=\"elementor-widget-container\">\n\t\t\t\t\t\t\t\t\t<h2>Presse m\u00e9diatique<\/h2>\r\n<p>Erin Boucher<br \/>\r\nCamp Fortune<br \/>\r\nT\u00e9l\u00e9phone: (819) 827-1717 ex: 2241<br \/>\r\nCourriel: <a href=\"mailto:eboucher@campfortune.com\">eboucher@campfortune.com<\/a> ou <br \/>\r\n<a style=\"font-size: 1rem; background-color: #ffffff;\" href=\"mailto:info@campfortune.com\">info@campfortune.com<\/a><\/p>\t\t\t\t\t\t\t\t<\/div>\n\t\t\t\t<\/div>\n\t\t\t\t\t<\/div>\n\t\t<\/div>\n\t\t\t\t<div class=\"elementor-column elementor-col-50 elementor-top-column elementor-element elementor-element-3cfc062\" data-id=\"3cfc062\" data-element_type=\"column\" data-e-type=\"column\">\n\t\t\t<div class=\"elementor-widget-wrap elementor-element-populated\">\n\t\t\t\t\t\t<div class=\"elementor-element elementor-element-18c871e elementor-widget elementor-widget-image\" data-id=\"18c871e\" data-element_type=\"widget\" data-e-type=\"widget\" data-widget_type=\"image.default\">\n\t\t\t\t<div class=\"elementor-widget-container\">\n\t\t\t\t\t\t\t\t\t\t\t\t\t\t\t<img decoding=\"async\" width=\"800\" height=\"534\" src=\"https:\/\/campfortune.com\/wp-content\/uploads\/2021\/02\/Fortune-Overhead-1024x683.jpg\" class=\"attachment-large size-large wp-image-19842\" alt=\"\" srcset=\"https:\/\/campfortune.com\/wp-content\/uploads\/2021\/02\/Fortune-Overhead-1024x683.jpg 1024w, https:\/\/campfortune.com\/wp-content\/uploads\/2021\/02\/Fortune-Overhead-300x200.jpg 300w, https:\/\/campfortune.com\/wp-content\/uploads\/2021\/02\/Fortune-Overhead-768x512.jpg 768w, https:\/\/campfortune.com\/wp-content\/uploads\/2021\/02\/Fortune-Overhead-1536x1024.jpg 1536w, https:\/\/campfortune.com\/wp-content\/uploads\/2021\/02\/Fortune-Overhead.jpg 1920w\" sizes=\"(max-width: 800px) 100vw, 800px\" \/>\t\t\t\t\t\t\t\t\t\t\t\t\t\t\t<\/div>\n\t\t\t\t<\/div>\n\t\t\t\t\t<\/div>\n\t\t<\/div>\n\t\t\t\t\t<\/div>\n\t\t<\/section>\n\t\t\t\t<\/div>\n\t\t","protected":false},"excerpt":{"rendered":"<p>Informations g\u00e9n\u00e9rales Camp Fortune 300 chemin Dunlop, Chelsea, Qu\u00e9bec J9B 2N3 t\u00e9l\u00e9phone: (819) 827-1717 ex: 0 Courriel: info@campfortune.com Service \u00e0 la client\u00e8le\u00a0 Camp Fortune 300 chemin Dunlop, Chelsea, QC J9B 2N3 T\u00e9l\u00e9phone: 819-827-1717 ex: 0 Courriel: info@campfortune.com Emplois Jay Thompson Camp Fortune T\u00e9l\u00e9phone: (819) 827-1717 ex: 2202 Courriel: jobs@campfortune.com Groups -Ski Sabrina Howe Chef, services [&hellip;]<\/p>\n","protected":false},"author":1,"featured_media":20200,"parent":0,"menu_order":0,"comment_status":"closed","ping_status":"closed","template":"","meta":{"_acf_changed":false,"footnotes":""},"class_list":["post-20684","page","type-page","status-publish","has-post-thumbnail","hentry"],"acf":[],"yoast_head":"<!-- This site is optimized with the Yoast SEO plugin v27.5 - https:\/\/yoast.com\/product\/yoast-seo-wordpress\/ -->\n<title>Contacts - Camp Fortune<\/title>\n<meta name=\"robots\" content=\"index, follow, max-snippet:-1, max-image-preview:large, max-video-preview:-1\" \/>\n<link rel=\"canonical\" href=\"https:\/\/campfortune.com\/fr\/contact\/\" \/>\n<meta property=\"og:locale\" content=\"fr_CA\" \/>\n<meta property=\"og:type\" content=\"article\" \/>\n<meta property=\"og:title\" content=\"Contacts - Camp Fortune\" \/>\n<meta property=\"og:description\" content=\"Informations g\u00e9n\u00e9rales Camp Fortune 300 chemin Dunlop, Chelsea, Qu\u00e9bec J9B 2N3 t\u00e9l\u00e9phone: (819) 827-1717 ex: 0 Courriel: info@campfortune.com Service \u00e0 la client\u00e8le\u00a0 Camp Fortune 300 chemin Dunlop, Chelsea, QC J9B 2N3 T\u00e9l\u00e9phone: 819-827-1717 ex: 0 Courriel: info@campfortune.com Emplois Jay Thompson Camp Fortune T\u00e9l\u00e9phone: (819) 827-1717 ex: 2202 Courriel: jobs@campfortune.com Groups -Ski Sabrina Howe Chef, services [&hellip;]\" \/>\n<meta property=\"og:url\" content=\"https:\/\/campfortune.com\/fr\/contact\/\" \/>\n<meta property=\"og:site_name\" content=\"Camp Fortune\" \/>\n<meta property=\"article:publisher\" content=\"http:\/\/www.facebook.com\/skicampfortune\" \/>\n<meta property=\"article:modified_time\" content=\"2024-11-11T18:03:00+00:00\" \/>\n<meta property=\"og:image\" content=\"https:\/\/campfortune.com\/wp-content\/uploads\/2021\/04\/Camp-Fortune-Zipline-Aerial-6.jpg\" \/>\n\t<meta property=\"og:image:width\" content=\"2000\" \/>\n\t<meta property=\"og:image:height\" content=\"1333\" \/>\n\t<meta property=\"og:image:type\" content=\"image\/jpeg\" \/>\n<meta name=\"twitter:card\" content=\"summary_large_image\" \/>\n<meta name=\"twitter:site\" content=\"@CampFortune\" \/>\n<meta name=\"twitter:label1\" content=\"Estimation du temps de lecture\" \/>\n\t<meta name=\"twitter:data1\" content=\"1 minute\" \/>\n<script type=\"application\/ld+json\" class=\"yoast-schema-graph\">{\"@context\":\"https:\\\/\\\/schema.org\",\"@graph\":[{\"@type\":\"WebPage\",\"@id\":\"https:\\\/\\\/campfortune.com\\\/fr\\\/contact\\\/\",\"url\":\"https:\\\/\\\/campfortune.com\\\/fr\\\/contact\\\/\",\"name\":\"Contacts - Camp Fortune\",\"isPartOf\":{\"@id\":\"https:\\\/\\\/campfortune.com\\\/fr\\\/#website\"},\"primaryImageOfPage\":{\"@id\":\"https:\\\/\\\/campfortune.com\\\/fr\\\/contact\\\/#primaryimage\"},\"image\":{\"@id\":\"https:\\\/\\\/campfortune.com\\\/fr\\\/contact\\\/#primaryimage\"},\"thumbnailUrl\":\"https:\\\/\\\/campfortune.com\\\/wp-content\\\/uploads\\\/2021\\\/04\\\/Camp-Fortune-Zipline-Aerial-6.jpg\",\"datePublished\":\"2021-05-20T15:17:08+00:00\",\"dateModified\":\"2024-11-11T18:03:00+00:00\",\"breadcrumb\":{\"@id\":\"https:\\\/\\\/campfortune.com\\\/fr\\\/contact\\\/#breadcrumb\"},\"inLanguage\":\"fr-CA\",\"potentialAction\":[{\"@type\":\"ReadAction\",\"target\":[\"https:\\\/\\\/campfortune.com\\\/fr\\\/contact\\\/\"]}]},{\"@type\":\"ImageObject\",\"inLanguage\":\"fr-CA\",\"@id\":\"https:\\\/\\\/campfortune.com\\\/fr\\\/contact\\\/#primaryimage\",\"url\":\"https:\\\/\\\/campfortune.com\\\/wp-content\\\/uploads\\\/2021\\\/04\\\/Camp-Fortune-Zipline-Aerial-6.jpg\",\"contentUrl\":\"https:\\\/\\\/campfortune.com\\\/wp-content\\\/uploads\\\/2021\\\/04\\\/Camp-Fortune-Zipline-Aerial-6.jpg\",\"width\":2000,\"height\":1333},{\"@type\":\"BreadcrumbList\",\"@id\":\"https:\\\/\\\/campfortune.com\\\/fr\\\/contact\\\/#breadcrumb\",\"itemListElement\":[{\"@type\":\"ListItem\",\"position\":1,\"name\":\"Accueil\",\"item\":\"https:\\\/\\\/campfortune.com\\\/fr\\\/accueil\\\/\"},{\"@type\":\"ListItem\",\"position\":2,\"name\":\"Contacts\"}]},{\"@type\":\"WebSite\",\"@id\":\"https:\\\/\\\/campfortune.com\\\/fr\\\/#website\",\"url\":\"https:\\\/\\\/campfortune.com\\\/fr\\\/\",\"name\":\"Camp Fortune\",\"description\":\"Skiing and Ziplines 20 Minutes from Ottawa\",\"publisher\":{\"@id\":\"https:\\\/\\\/campfortune.com\\\/fr\\\/#organization\"},\"potentialAction\":[{\"@type\":\"SearchAction\",\"target\":{\"@type\":\"EntryPoint\",\"urlTemplate\":\"https:\\\/\\\/campfortune.com\\\/fr\\\/?s={search_term_string}\"},\"query-input\":{\"@type\":\"PropertyValueSpecification\",\"valueRequired\":true,\"valueName\":\"search_term_string\"}}],\"inLanguage\":\"fr-CA\"},{\"@type\":\"Organization\",\"@id\":\"https:\\\/\\\/campfortune.com\\\/fr\\\/#organization\",\"name\":\"Camp Fortune\",\"url\":\"https:\\\/\\\/campfortune.com\\\/fr\\\/\",\"logo\":{\"@type\":\"ImageObject\",\"inLanguage\":\"fr-CA\",\"@id\":\"https:\\\/\\\/campfortune.com\\\/fr\\\/#\\\/schema\\\/logo\\\/image\\\/\",\"url\":\"https:\\\/\\\/campfortune.com\\\/wp-content\\\/uploads\\\/2021\\\/06\\\/fortune-logo_en.jpg\",\"contentUrl\":\"https:\\\/\\\/campfortune.com\\\/wp-content\\\/uploads\\\/2021\\\/06\\\/fortune-logo_en.jpg\",\"width\":830,\"height\":789,\"caption\":\"Camp Fortune\"},\"image\":{\"@id\":\"https:\\\/\\\/campfortune.com\\\/fr\\\/#\\\/schema\\\/logo\\\/image\\\/\"},\"sameAs\":[\"http:\\\/\\\/www.facebook.com\\\/skicampfortune\",\"https:\\\/\\\/x.com\\\/CampFortune\",\"https:\\\/\\\/instagram.com\\\/campfortune\",\"http:\\\/\\\/www.youtube.com\\\/user\\\/CampfortuneVideos\"]}]}<\/script>\n<!-- \/ Yoast SEO plugin. -->","yoast_head_json":{"title":"Contacts - Camp Fortune","robots":{"index":"index","follow":"follow","max-snippet":"max-snippet:-1","max-image-preview":"max-image-preview:large","max-video-preview":"max-video-preview:-1"},"canonical":"https:\/\/campfortune.com\/fr\/contact\/","og_locale":"fr_CA","og_type":"article","og_title":"Contacts - Camp Fortune","og_description":"Informations g\u00e9n\u00e9rales Camp Fortune 300 chemin Dunlop, Chelsea, Qu\u00e9bec J9B 2N3 t\u00e9l\u00e9phone: (819) 827-1717 ex: 0 Courriel: info@campfortune.com Service \u00e0 la client\u00e8le\u00a0 Camp Fortune 300 chemin Dunlop, Chelsea, QC J9B 2N3 T\u00e9l\u00e9phone: 819-827-1717 ex: 0 Courriel: info@campfortune.com Emplois Jay Thompson Camp Fortune T\u00e9l\u00e9phone: (819) 827-1717 ex: 2202 Courriel: jobs@campfortune.com Groups -Ski Sabrina Howe Chef, services [&hellip;]","og_url":"https:\/\/campfortune.com\/fr\/contact\/","og_site_name":"Camp Fortune","article_publisher":"http:\/\/www.facebook.com\/skicampfortune","article_modified_time":"2024-11-11T18:03:00+00:00","og_image":[{"width":2000,"height":1333,"url":"https:\/\/campfortune.com\/wp-content\/uploads\/2021\/04\/Camp-Fortune-Zipline-Aerial-6.jpg","type":"image\/jpeg"}],"twitter_card":"summary_large_image","twitter_site":"@CampFortune","twitter_misc":{"Estimation du temps de lecture":"1 minute"},"schema":{"@context":"https:\/\/schema.org","@graph":[{"@type":"WebPage","@id":"https:\/\/campfortune.com\/fr\/contact\/","url":"https:\/\/campfortune.com\/fr\/contact\/","name":"Contacts - Camp Fortune","isPartOf":{"@id":"https:\/\/campfortune.com\/fr\/#website"},"primaryImageOfPage":{"@id":"https:\/\/campfortune.com\/fr\/contact\/#primaryimage"},"image":{"@id":"https:\/\/campfortune.com\/fr\/contact\/#primaryimage"},"thumbnailUrl":"https:\/\/campfortune.com\/wp-content\/uploads\/2021\/04\/Camp-Fortune-Zipline-Aerial-6.jpg","datePublished":"2021-05-20T15:17:08+00:00","dateModified":"2024-11-11T18:03:00+00:00","breadcrumb":{"@id":"https:\/\/campfortune.com\/fr\/contact\/#breadcrumb"},"inLanguage":"fr-CA","potentialAction":[{"@type":"ReadAction","target":["https:\/\/campfortune.com\/fr\/contact\/"]}]},{"@type":"ImageObject","inLanguage":"fr-CA","@id":"https:\/\/campfortune.com\/fr\/contact\/#primaryimage","url":"https:\/\/campfortune.com\/wp-content\/uploads\/2021\/04\/Camp-Fortune-Zipline-Aerial-6.jpg","contentUrl":"https:\/\/campfortune.com\/wp-content\/uploads\/2021\/04\/Camp-Fortune-Zipline-Aerial-6.jpg","width":2000,"height":1333},{"@type":"BreadcrumbList","@id":"https:\/\/campfortune.com\/fr\/contact\/#breadcrumb","itemListElement":[{"@type":"ListItem","position":1,"name":"Accueil","item":"https:\/\/campfortune.com\/fr\/accueil\/"},{"@type":"ListItem","position":2,"name":"Contacts"}]},{"@type":"WebSite","@id":"https:\/\/campfortune.com\/fr\/#website","url":"https:\/\/campfortune.com\/fr\/","name":"Camp Fortune","description":"Skiing and Ziplines 20 Minutes from Ottawa","publisher":{"@id":"https:\/\/campfortune.com\/fr\/#organization"},"potentialAction":[{"@type":"SearchAction","target":{"@type":"EntryPoint","urlTemplate":"https:\/\/campfortune.com\/fr\/?s={search_term_string}"},"query-input":{"@type":"PropertyValueSpecification","valueRequired":true,"valueName":"search_term_string"}}],"inLanguage":"fr-CA"},{"@type":"Organization","@id":"https:\/\/campfortune.com\/fr\/#organization","name":"Camp Fortune","url":"https:\/\/campfortune.com\/fr\/","logo":{"@type":"ImageObject","inLanguage":"fr-CA","@id":"https:\/\/campfortune.com\/fr\/#\/schema\/logo\/image\/","url":"https:\/\/campfortune.com\/wp-content\/uploads\/2021\/06\/fortune-logo_en.jpg","contentUrl":"https:\/\/campfortune.com\/wp-content\/uploads\/2021\/06\/fortune-logo_en.jpg","width":830,"height":789,"caption":"Camp Fortune"},"image":{"@id":"https:\/\/campfortune.com\/fr\/#\/schema\/logo\/image\/"},"sameAs":["http:\/\/www.facebook.com\/skicampfortune","https:\/\/x.com\/CampFortune","https:\/\/instagram.com\/campfortune","http:\/\/www.youtube.com\/user\/CampfortuneVideos"]}]}},"_links":{"self":[{"href":"https:\/\/campfortune.com\/fr\/wp-json\/wp\/v2\/pages\/20684","targetHints":{"allow":["GET"]}}],"collection":[{"href":"https:\/\/campfortune.com\/fr\/wp-json\/wp\/v2\/pages"}],"about":[{"href":"https:\/\/campfortune.com\/fr\/wp-json\/wp\/v2\/types\/page"}],"author":[{"embeddable":true,"href":"https:\/\/campfortune.com\/fr\/wp-json\/wp\/v2\/users\/1"}],"replies":[{"embeddable":true,"href":"https:\/\/campfortune.com\/fr\/wp-json\/wp\/v2\/comments?post=20684"}],"version-history":[{"count":5,"href":"https:\/\/campfortune.com\/fr\/wp-json\/wp\/v2\/pages\/20684\/revisions"}],"predecessor-version":[{"id":37993,"href":"https:\/\/campfortune.com\/fr\/wp-json\/wp\/v2\/pages\/20684\/revisions\/37993"}],"wp:featuredmedia":[{"embeddable":true,"href":"https:\/\/campfortune.com\/fr\/wp-json\/wp\/v2\/media\/20200"}],"wp:attachment":[{"href":"https:\/\/campfortune.com\/fr\/wp-json\/wp\/v2\/media?parent=20684"}],"curies":[{"name":"wp","href":"https:\/\/api.w.org\/{rel}","templated":true}]}}